{"id":736,"date":"2022-01-11T15:23:14","date_gmt":"2022-01-11T15:23:14","guid":{"rendered":"https:\/\/mariadewerker.nl\/?page_id=736"},"modified":"2026-03-03T13:37:40","modified_gmt":"2026-03-03T13:37:40","slug":"rue-de-la-poste","status":"publish","type":"page","link":"https:\/\/mariadewerker.nl\/?page_id=736","title":{"rendered":"Introduction"},"content":{"rendered":"<p>Le dessin me donne de la libert\u00e9 : je peux dessiner n&#8217;importe o\u00f9 !<br \/>\nSur le papier, dans le sable, sur le set de table au restaurant, je peux m\u00eame &#8220;dessiner&#8221; avec des odeurs. Illimit\u00e9, en d&#8217;autres termes.<br \/>\nLe dessin fonctionne aussi dans l&#8217;autre sens : je peux voir des dessins dans beaucoup de choses : les croissants, l&#8217;\u00e9cume de mer, etc. etc.<\/p>\n<p>Mais ce que je recherche c\u2019est de r\u00e9presenter le concept d\u2019espace et de mouvement et parfois m\u00eame l\u2019absence d\u2019espace, le silence.<br \/>\nJe dessine \u00e0 l&#8217;encre, \u00e0 la craie, au fusain, \u00e0 la peinture \u00e0 l&#8217;huile, au marqueur. J&#8217;utilise un \u00a0 seul m\u00e9dium, parfois plusieurs.<br \/>\nC\u2019est le dessin en cours d\u2019\u00e9laboration qui va r\u00e9v\u00e9ler, d\u00e9finir le m\u00e9dium \u00e0 utiliser.<\/p>\n<p>L&#8217;endroit o\u00f9 commence le dessin est important : \u00e0 gauche, \u00e0 droite, au centre, au bord du papier ? Imm\u00e9diatement apr\u00e8s le premier centim\u00e8tre, le dessin indique en quelque sorte o\u00f9 il doit aller.<\/p>\n<p>Quelques dessins: graphite sur papier &#8211; craie sur papier<\/p>\n<p><img loading=\"lazy\" decoding=\"async\" class=\"alignnone size-medium wp-image-1227\" src=\"https:\/\/mariadewerker.nl\/wp-content\/uploads\/2026\/03\/IMG_1890-292x300.jpeg\" alt=\"\" width=\"292\" height=\"300\" srcset=\"https:\/\/mariadewerker.nl\/wp-content\/uploads\/2026\/03\/IMG_1890-292x300.jpeg 292w, https:\/\/mariadewerker.nl\/wp-content\/uploads\/2026\/03\/IMG_1890-998x1024.jpeg 998w, https:\/\/mariadewerker.nl\/wp-content\/uploads\/2026\/03\/IMG_1890-768x788.jpeg 768w, https:\/\/mariadewerker.nl\/wp-content\/uploads\/2026\/03\/IMG_1890-1497x1536.jpeg 1497w, https:\/\/mariadewerker.nl\/wp-content\/uploads\/2026\/03\/IMG_1890.jpeg 1897w\" sizes=\"auto, (max-width: 292px) 100vw, 292px\" \/><\/p>\n<p><img loading=\"lazy\" decoding=\"async\" class=\"alignnone size-medium wp-image-908\" src=\"https:\/\/mariadewerker.nl\/wp-content\/uploads\/2022\/09\/IMG_2813-285x300.jpeg\" alt=\"\" width=\"285\" height=\"300\" srcset=\"https:\/\/mariadewerker.nl\/wp-content\/uploads\/2022\/09\/IMG_2813-285x300.jpeg 285w, https:\/\/mariadewerker.nl\/wp-content\/uploads\/2022\/09\/IMG_2813-768x808.jpeg 768w, https:\/\/mariadewerker.nl\/wp-content\/uploads\/2022\/09\/IMG_2813-973x1024.jpeg 973w\" sizes=\"auto, (max-width: 285px) 100vw, 285px\" \/><\/p>\n<p><img loading=\"lazy\" decoding=\"async\" class=\"alignnone size-medium wp-image-1025\" src=\"https:\/\/mariadewerker.nl\/wp-content\/uploads\/2023\/07\/IMG_5295-220x300.jpeg\" alt=\"\" width=\"220\" height=\"300\" srcset=\"https:\/\/mariadewerker.nl\/wp-content\/uploads\/2023\/07\/IMG_5295-220x300.jpeg 220w, https:\/\/mariadewerker.nl\/wp-content\/uploads\/2023\/07\/IMG_5295-768x1049.jpeg 768w, https:\/\/mariadewerker.nl\/wp-content\/uploads\/2023\/07\/IMG_5295-749x1024.jpeg 749w, https:\/\/mariadewerker.nl\/wp-content\/uploads\/2023\/07\/IMG_5295.jpeg 1673w\" sizes=\"auto, (max-width: 220px) 100vw, 220px\" \/><\/p>\n<p>&nbsp;<\/p>\n<p>&nbsp;<\/p>\n<p>&nbsp;<\/p>\n","protected":false},"excerpt":{"rendered":"<p>Le dessin me donne de la libert\u00e9 : je peux dessiner n&#8217;importe o\u00f9 ! Sur le papier, dans le sable, sur le set de table au restaurant, je peux m\u00eame &#8220;dessiner&#8221; avec des odeurs. Illimit\u00e9, en d&#8217;autres termes. Le dessin fonctionne aussi dans l&#8217;autre sens : je peux voir des dessins dans beaucoup de choses &hellip; <\/p>\n<p class=\"link-more\"><a href=\"https:\/\/mariadewerker.nl\/?page_id=736\" class=\"more-link\">Lees verder <span class=\"screen-reader-text\">&#8220;Introduction&#8221;<\/span><\/a><\/p>\n","protected":false},"author":1,"featured_media":0,"parent":0,"menu_order":0,"comment_status":"closed","ping_status":"closed","template":"","meta":{"footnotes":""},"class_list":["post-736","page","type-page","status-publish","hentry"],"_links":{"self":[{"href":"https:\/\/mariadewerker.nl\/index.php?rest_route=\/wp\/v2\/pages\/736","targetHints":{"allow":["GET"]}}],"collection":[{"href":"https:\/\/mariadewerker.nl\/index.php?rest_route=\/wp\/v2\/pages"}],"about":[{"href":"https:\/\/mariadewerker.nl\/index.php?rest_route=\/wp\/v2\/types\/page"}],"author":[{"embeddable":true,"href":"https:\/\/mariadewerker.nl\/index.php?rest_route=\/wp\/v2\/users\/1"}],"replies":[{"embeddable":true,"href":"https:\/\/mariadewerker.nl\/index.php?rest_route=%2Fwp%2Fv2%2Fcomments&post=736"}],"version-history":[{"count":42,"href":"https:\/\/mariadewerker.nl\/index.php?rest_route=\/wp\/v2\/pages\/736\/revisions"}],"predecessor-version":[{"id":1240,"href":"https:\/\/mariadewerker.nl\/index.php?rest_route=\/wp\/v2\/pages\/736\/revisions\/1240"}],"wp:attachment":[{"href":"https:\/\/mariadewerker.nl\/index.php?rest_route=%2Fwp%2Fv2%2Fmedia&parent=736"}],"curies":[{"name":"wp","href":"https:\/\/api.w.org\/{rel}","templated":true}]}}